{"id":7980,"date":"2025-10-10T12:48:49","date_gmt":"2025-10-10T10:48:49","guid":{"rendered":"https:\/\/www.atout-org.com\/?page_id=7980"},"modified":"2025-10-10T12:48:49","modified_gmt":"2025-10-10T10:48:49","slug":"mentions-legales","status":"publish","type":"page","link":"https:\/\/www.atout-org.com\/index.php\/mentions-legales\/","title":{"rendered":"Mentions L\u00e9gales"},"content":{"rendered":"<section class=\"home-blog-area section-padding\" id=\"legal-mentions\">\n<div class=\"container\">\n<div class=\"row\">\n<div class=\"col-xl-12 col-lg-12 col-md-6\">\n<div class=\"home-blog-single local-committee\">\n<div class=\"blog-img-cap\">\n<div class=\"committee-title\">Mentions l\u00e9gales<\/div>\n<div class=\"container gestion py-4\">\n<p class=\"text-muted mb-4\"><small>Derni\u00e8re mise \u00e0 jour : 10 octobre 2025<\/small><\/p>\n<h5 id=\"editeur\" class=\"mt-4\">1) \u00c9diteur du site<\/h5>\n<div class=\"row\">\n<div class=\"col-md-5\">Raison sociale : Atout Organisation Science \u2013 AOS\u00ae<\/div>\n<div class=\"col-md-5\">Forme \/ Capital : SAS au capital de 21 342,00 \u20ac<\/div>\n<div class=\"col-md-5\">Si\u00e8ge social : Saint Henri, Rue Anne Gacon, 13016 Marseille<\/div>\n<div class=\"col-md-5\">SIREN : 403 786 270<\/div>\n<div class=\"col-md-5\">TVA intracommunautaire : FR27403786270<\/div>\n<div class=\"col-md-5\">\n                  <a style=\"color:#004085\" href=\"https:\/\/www.atout-org.com\/index.php\/contact\/\">Contactez-nous par email <\/a> | +33 (0)4 96 15 12 50\n                <\/div><\/div>\n<h5 id=\"hebergeur\" class=\"mt-4\">2) H\u00e9bergeur<\/h5>\n<div class=\"row\">\n<div class=\"col-md-5\">Nom : OVH\u00ae (France)<\/div>\n<div class=\"col-md-5\">Contact : support@ovh.com\n                <\/div><\/div>\n<h5 id=\"realisation\" class=\"mt-4\">3) Conception \/ R\u00e9alisation<\/h5>\n<p>Agence \/ interne, cr\u00e9dits visuels et typographies le cas \u00e9ch\u00e9ant.<\/p>\n<h5 id=\"pi\" class=\"mt-4\">4) Propri\u00e9t\u00e9 intellectuelle<\/h5>\n<p>Le contenu du Site (textes, images, vid\u00e9os, logos, marques, charte graphique, code) est prot\u00e9g\u00e9 par le droit d\u2019auteur et le droit des marques. Toute reproduction ou repr\u00e9sentation non autoris\u00e9e est interdite.<\/p>\n<h5 id=\"resp\" class=\"mt-4\">5) Responsabilit\u00e9<\/h5>\n<p>L\u2019\u00c9diteur met tout en \u0153uvre pour assurer l\u2019exactitude des informations publi\u00e9es, sans garantie d\u2019exhaustivit\u00e9. Il ne saurait \u00eatre tenu responsable d\u2019\u00e9ventuelles erreurs, omissions ou indisponibilit\u00e9s.<\/p>\n<h5 id=\"liens\" class=\"mt-4\">6) Liens hypertextes<\/h5>\n<p>Le Site peut contenir des liens vers des sites tiers. L\u2019\u00c9diteur n\u2019exerce aucun contr\u00f4le sur ces sites et d\u00e9cline toute responsabilit\u00e9 quant \u00e0 leurs contenus.<\/p>\n<h5 id=\"signalement\" class=\"mt-4\">7) Signalement<\/h5>\n<p>Pour signaler un contenu illicite ou probl\u00e9matique, <a style=\"color:#004085\" href=\"https:\/\/www.atout-org.com\/index.php\/contact\/\">contactez-nous par email<\/a>.<\/p>\n<hr>\n<p class=\"text-muted\">Voir aussi : <a style=\"color:#004085\" href=\"https:\/\/www.atout-org.com\/index.php\/politique-de-confidentialite\" rel=\"noopener\">Politique de confidentialit\u00e9<\/a>\n              <\/p>\n<\/p><\/div><\/div><\/div><\/div><\/div><\/div>\n<\/section>\n","protected":false},"excerpt":{"rendered":"<p>Mentions l\u00e9gales Derni\u00e8re mise \u00e0 jour : 10 octobre 2025 1) \u00c9diteur du site Raison sociale : Atout Organisation Science \u2013 AOS\u00ae Forme \/ Capital : SAS au capital de 21 342,00 \u20ac Si\u00e8ge social : Saint Henri, Rue Anne Gacon, 13016 Marseille SIREN : 403 786 270 TVA intracommunautaire : FR27403786270 Contactez-nous par email&#8230;<\/p>\n","protected":false},"author":1,"featured_media":0,"parent":0,"menu_order":0,"comment_status":"closed","ping_status":"closed","template":"","meta":{"om_disable_all_campaigns":false,"_monsterinsights_skip_tracking":false,"_monsterinsights_sitenote_active":false,"_monsterinsights_sitenote_note":"","_monsterinsights_sitenote_category":0},"aioseo_notices":[],"_links":{"self":[{"href":"https:\/\/www.atout-org.com\/index.php\/wp-json\/wp\/v2\/pages\/7980"}],"collection":[{"href":"https:\/\/www.atout-org.com\/index.php\/wp-json\/wp\/v2\/pages"}],"about":[{"href":"https:\/\/www.atout-org.com\/index.php\/wp-json\/wp\/v2\/types\/page"}],"author":[{"embeddable":true,"href":"https:\/\/www.atout-org.com\/index.php\/wp-json\/wp\/v2\/users\/1"}],"replies":[{"embeddable":true,"href":"https:\/\/www.atout-org.com\/index.php\/wp-json\/wp\/v2\/comments?post=7980"}],"version-history":[{"count":2,"href":"https:\/\/www.atout-org.com\/index.php\/wp-json\/wp\/v2\/pages\/7980\/revisions"}],"predecessor-version":[{"id":7982,"href":"https:\/\/www.atout-org.com\/index.php\/wp-json\/wp\/v2\/pages\/7980\/revisions\/7982"}],"wp:attachment":[{"href":"https:\/\/www.atout-org.com\/index.php\/wp-json\/wp\/v2\/media?parent=7980"}],"curies":[{"name":"wp","href":"https:\/\/api.w.org\/{rel}","templated":true}]}}