{"id":7917,"date":"2025-04-08T11:56:07","date_gmt":"2025-04-08T09:56:07","guid":{"rendered":"https:\/\/www.atout-org.com\/?page_id=7917"},"modified":"2025-06-13T11:57:03","modified_gmt":"2025-06-13T09:57:03","slug":"notre-politique-rse","status":"publish","type":"page","link":"https:\/\/www.atout-org.com\/index.php\/notre-politique-rse\/","title":{"rendered":"Notre politique RSE"},"content":{"rendered":"<section class=\"l-section wpb_row height_large color_primary with_img\"><div class=\"l-section-img\" style=\"background-image: url(https:\/\/www.atout-org.com\/aos2018\/wp-content\/uploads\/2023\/08\/DJI_0019-scaled.jpg);\" data-img-width=\"2560\" data-img-height=\"1440\"><\/div><div class=\"l-section-h i-cf\"><div class=\"g-cols vc_row type_default valign_top\"><div class=\"vc_col-sm-12 wpb_column vc_column_container\"><div class=\"vc_column-inner\"><div class=\"wpb_wrapper\"><div class=\"w-separator size_huge\"><\/div><div class=\"w-separator size_huge\"><\/div><div class=\"w-separator size_huge\"><\/div>\r\n\t<div class=\"wpb_text_column  vc_custom_1744103920679\">\r\n\t\t<div class=\"wpb_wrapper\">\r\n\t\t\t<h4 style=\"text-align: center; font-weight: bold;\">Chez AOS, nous croyons qu\u2019un \u00e9v\u00e9nement r\u00e9ussi est aussi un \u00e9v\u00e9nement responsable. Notre d\u00e9marche RSE s\u2019articule autour de quatre piliers forts pour l\u2019environnement, l\u2019humain et le territoire.<\/h4>\n\r\n\t\t<\/div>\r\n\t<\/div>\r\n<\/div><\/div><\/div><\/div><\/div><\/section><section class=\"l-section wpb_row height_medium\"><div class=\"l-section-h i-cf\"><div class=\"g-cols vc_row type_default valign_top\"><div class=\"vc_col-sm-12 wpb_column vc_column_container\"><div class=\"vc_column-inner\"><div class=\"wpb_wrapper\">[vc_raw_html]JTNDZGl2JTIwY2xhc3MlM0QlMjJwb2xpdGlxdWUtcnNlLWNvbnRhaW5lciUyMiUzRSUwQSUyMCUzQ2gxJTNFUE9MSVRJUVVFJTIwUlNFJTIwRU4lMjBDT1VSUyUyMERFJTIwTEFCRUxMSVNBVElPTiUyME5PUk1FJTIwSVNPJTIwMjAlMjAxMjElM0MlMkZoMSUzRSUwQSUyMCUyMCUyMCUyMCUzQ2gyJTNFUkVTUE9OU0FCSUxJVCVDMyU4OSUyMFNPQ0klQzMlODlUQUxFJTIwREVTJTIwRU5UUkVQUklTRVMlM0MlMkZoMiUzRSUwQSUyMCUyMCUyMCUyMCUzQ3AlM0VDciVDMyVBOSVDMyVBOSUyMGVuJTIwMTk5NiUyQyUyMEFPUyUyMGNvbiVDMyVBN29pdCUyMGRlcyUyMCVDMyVBOXYlQzMlQTluZW1lbnRzJTIwcXVpJTIwYWxsaWVudCUyMHBlcmZvcm1hbmNlJTJDJTIwZHVyYWJpbGl0JUMzJUE5JTIwZXQlMjAlQzMlQTl0aGlxdWUuJTIwTm90cmUlMjBtaXNzaW9uJTIwZXN0JTIwZGUlMjBjciVDMyVBOWVyJTIwZGVzJTIwcmFzc2VtYmxlbWVudHMlMjBwcm9mZXNzaW9ubmVscyUyMCUyOGNvbmdyJUMzJUE4cyUyQyUyMHMlQzMlQTltaW5haXJlcyUyQyUyMHNhbG9ucyUyQyUyMGV0Yy4lMjklMjAlQzMlQTAlMjBmb3J0JTIwaW1wYWN0JTIwcG9zaXRpZiUyMHN1ciUyMHRvdXQlMjBsZSUyMHRlcnJpdG9pcmUlMjBuYXRpb25hbCUyQyUyMGVuJTIwciVDMyVBOWR1aXNhbnQlMjBsZXVyJTIwZW1wcmVpbnRlJTIwZW52aXJvbm5lbWVudGFsZSUyMGV0JTIwZW4lMjBmYXZvcmlzYW50JTIwbCVFMiU4MCU5OWluY2x1c2lvbiUyMHNvY2lhbGUlMkMlMjBsJUUyJTgwJTk5aW5ub3ZhdGlvbiUyMGV0JTIwbCVFMiU4MCU5OWludCVDMyVBOWdyaXQlQzMlQTkuJTNDJTJGcCUzRSUwQSUyMCUyMCUzQ2hyJTNFJTBBJTBBJTIwJTIwJTIwJTIwJTNDc2VjdGlvbiUyMGNsYXNzJTNEJTIydmFsdWVzJTIyJTNFJTBBJTIwJTIwJTIwJTIwJTIwJTIwJTNDaDMlM0VOT1MlMjBWQUxFVVJTJTIwRk9OREFNRU5UQUxFUyUzQyUyRmgzJTNFJTBBJTIwJTIwJTIwJTIwJTIwJTIwJTNDdWwlM0UlMEElMjAlMjAlMjAlMjAlMjAlMjAlMjAlMjAlM0NsaSUzRSUzQ3N0cm9uZyUzRVJlc3BvbnNhYmlsaXQlQzMlQTklMjAlM0ElM0MlMkZzdHJvbmclM0UlMjBOb3VzJTIwYXNzdW1vbnMlMjBsJTI3aW1wYWN0JTIwZGUlMjBub3RyZSUyMGFjdGl2aXQlQzMlQTklMjBzdXIlMjBsJTI3ZW52aXJvbm5lbWVudCUyMGV0JTIwbGElMjBzb2NpJUMzJUE5dCVDMyVBOS4lM0MlMkZsaSUzRSUwQSUyMCUyMCUyMCUyMCUyMCUyMCUyMCUyMCUzQ2xpJTNFJTNDc3Ryb25nJTNFSW5ub3ZhdGlvbiUyMGV0JTIwQ3IlQzMlQTlhdGl2aXQlQzMlQTklMjAlM0ElM0MlMkZzdHJvbmclM0UlMjBOb3VzJTIwYWRhcHRvbnMlMjBub3MlMjBwcmF0aXF1ZXMlMjBwb3VyJTIwciVDMyVBOXBvbmRyZSUyMGF1eCUyMGVuamV1eCUyMGNvbnRlbXBvcmFpbnMuJTNDJTJGbGklM0UlMEElMjAlMjAlMjAlMjAlMjAlMjAlMjAlMjAlM0NsaSUzRSUzQ3N0cm9uZyUzRSVDMyU4OXRoaXF1ZSUyMCUzQSUzQyUyRnN0cm9uZyUzRSUyME5vdXMlMjBhc3N1cm9ucyUyMHRyYW5zcGFyZW5jZSUyMGV0JTIwaW50JUMzJUE5Z3JpdCVDMyVBOSUyMGRhbnMlMjB0b3V0ZXMlMjBub3MlMjByZWxhdGlvbnMuJTNDJTJGbGklM0UlMEElMjAlMjAlMjAlMjAlMjAlMjAlMjAlMjAlM0NsaSUzRSUzQ3N0cm9uZyUzRUVuZ2FnZW1lbnQlMjBjb2xsZWN0aWYlMjAlM0ElM0MlMkZzdHJvbmclM0UlMjBDaGFxdWUlMjBjb2xsYWJvcmF0ZXVyJTIwZXN0JTIwYWN0ZXVyJTIwZHUlMjBjaGFuZ2VtZW50LiUzQyUyRmxpJTNFJTBBJTIwJTIwJTIwJTIwJTIwJTIwJTIwJTIwJTNDbGklM0UlM0NzdHJvbmclM0VDb25maWFuY2UlMjBldCUyMGJpZW52ZWlsbGFuY2UlMjAlM0ElM0MlMkZzdHJvbmclM0UlMjBOb3VzJTIwZmF2b3Jpc29ucyUyMHVuJTIwY2xpbWF0JTIwZGUlMjB0cmF2YWlsJTIwcmVzcGVjdHVldXglMjBldCUyMHNvbGlkYWlyZS4lM0MlMkZsaSUzRSUwQSUyMCUyMCUyMCUyMCUyMCUyMCUyMCUyMCUzQ2xpJTNFJTNDc3Ryb25nJTNFUmVzcGVjdCUyMGV0JTIwcGFydGFnZSUyMCUzQSUzQyUyRnN0cm9uZyUzRSUyME5vdXMlMjB2YWxvcmlzb25zJTIwbGElMjBkaXZlcnNpdCVDMyVBOSUyMGV0JTIwbGUlMjB0cmF2YWlsJTIwY29sbGFib3JhdGlmLiUzQyUyRmxpJTNFJTBBJTIwJTIwJTIwJTIwJTIwJTIwJTNDJTJGdWwlM0UlMEElMjAlMjAlMjAlMjAlM0MlMkZzZWN0aW9uJTNFJTBBJTBBJTIwJTIwJTNDYnIlM0UlMEElMEElMjAlMjAlMjAlMjAlM0NzZWN0aW9uJTIwY2xhc3MlM0QlMjJwcmluY2lwbGVzJTIyJTNFJTBBJTIwJTIwJTIwJTIwJTIwJTIwJTNDaDMlM0VOT1MlMjBQUklOQ0lQRVMlMjBERSUyMEQlQzMlODlWRUxPUFBFTUVOVCUyMERVUkFCTEUlM0MlMkZoMyUzRSUwQSUyMCUyMCUyMCUyMCUyMCUyMCUzQ3VsJTNFJTBBJTIwJTIwJTIwJTIwJTIwJTIwJTIwJTIwJTNDbGklM0UlM0NzdHJvbmclM0VJbmNsdXNpb24lMjAlM0ElM0MlMkZzdHJvbmclM0UlMjBBY2Nlc3NpYmlsaXQlQzMlQTklMjB1bml2ZXJzZWxsZSUyMHN1ciUyMG5vcyUyMCVDMyVBOXYlQzMlQTluZW1lbnRzJTIwZXQlMjBkaXZlcnNpdCVDMyVBOSUyMGF1JTIwc2VpbiUyMGRlJTIwbm9zJTIwJUMzJUE5cXVpcGVzLiUzQyUyRmxpJTNFJTBBJTIwJTIwJTIwJTIwJTIwJTIwJTIwJTIwJTNDbGklM0UlM0NzdHJvbmclM0VWaWdpbGFuY2UlMjAlM0ElM0MlMkZzdHJvbmclM0UlMjBBdWRpdCUyMGRlcyUyMHByYXRpcXVlcyUyQyUyMHByJUMzJUE5dmVudGlvbiUyMGRlcyUyMHJpc3F1ZXMlMkMlMjBjaG9peCUyMHJpZ291cmV1eCUyMGRlJTIwcGFydGVuYWlyZXMlMjByZXNwb25zYWJsZXMuJTNDJTJGbGklM0UlMEElMjAlMjAlMjAlMjAlMjAlMjAlMjAlMjAlM0NsaSUzRSUzQ3N0cm9uZyUzRVRyYW5zcGFyZW5jZSUyMCUzQSUzQyUyRnN0cm9uZyUzRSUyMENvbW11bmljYXRpb24lMjBjbGFpcmUlMjBzdXIlMjBub3MlMjBlbmdhZ2VtZW50cyUyQyUyMHRyYSVDMyVBN2FiaWxpdCVDMyVBOSUyMGRlJTIwbm9zJTIwYWN0aW9ucy4lM0MlMkZsaSUzRSUwQSUyMCUyMCUyMCUyMCUyMCUyMCUyMCUyMCUzQ2xpJTNFJTNDc3Ryb25nJTNFSW50JUMzJUE5Z3JpdCVDMyVBOSUyMCUzQSUzQyUyRnN0cm9uZyUzRSUyMEx1dHRlJTIwY29udHJlJTIwbGElMjBjb3JydXB0aW9uJTJDJTIwcmVzcGVjdCUyMGR1JTIwUkdQRCUyMGV0JTIwY2xhdXNlcyUyMCVDMyVBOXRoaXF1ZXMlMjBkYW5zJTIwdG91cyUyMGxlcyUyMGNvbnRyYXRzLiUzQyUyRmxpJTNFJTBBJTIwJTIwJTIwJTIwJTIwJTIwJTNDJTJGdWwlM0UlMEElMjAlMjAlMjAlMjAlM0MlMkZzZWN0aW9uJTNFJTBBJTIwJTIwJTNDYnIlM0UlMEElMjAlMjAlMjAlMjAlM0NzZWN0aW9uJTIwY2xhc3MlM0QlMjJwcmlvcml0aWVzJTIyJTNFJTBBJTIwJTIwJTIwJTIwJTIwJTIwJTNDaDMlM0VOT1MlMjBFTkpFVVglMjBQUklPUklUQUlSRVMlMjBMSSVDMyU4OVMlMjBBVVglMjBPREQlM0MlMkZoMyUzRSUwQSUyMCUyMCUyMCUyMCUyMCUyMCUzQ3VsJTNFJTBBJTIwJTIwJTIwJTIwJTIwJTIwJTIwJTIwJTNDbGklM0UlM0NzdHJvbmclM0UlQzMlODljb3V0ZXIlMjBldCUyMGRpYWxvZ3VlciUyMGF2ZWMlMjBsZXMlMjBwYXJ0aWVzJTIwcHJlbmFudGVzLiUzQyUyRnN0cm9uZyUzRSUzQyUyRmxpJTNFJTBBJTIwJTIwJTIwJTIwJTIwJTIwJTIwJTIwJTNDbGklM0UlM0NzdHJvbmclM0VQciVDMyVBOXNlcnZlciUyMGxhJTIwc2FudCVDMyVBOSUyMGV0JTIwbGUlMjBiaWVuJTIwJUMzJUFBdHJlJTIwZGVzJTIwcGFydGllcyUyMGludCVDMyVBOXJlc3MlQzMlQTllcyUyMGV0JTIwYXNzdXJlciUyMGxhJTIwcyVDMyVBOWN1cml0JUMzJUE5JTIwZGUlMjBjZXMlMjBkZXJuaSVDMyVBOHJlcy4lM0MlMkZzdHJvbmclM0UlM0MlMkZsaSUzRSUwQSUyMCUyMCUyMCUyMCUyMCUyMCUyMCUyMCUzQ2xpJTNFJTNDc3Ryb25nJTNFRyVDMyVBOXJlciUyMG5vcyUyMGQlQzMlQTljaGV0cyUyMGV0JTIwb3B0aW1pc2VyJTIwbm9zJTIwcmVzc291cmNlcy4lM0MlMkZzdHJvbmclM0UlM0MlMkZsaSUzRSUwQSUyMCUyMCUyMCUyMCUyMCUyMCUyMCUyMCUzQ2xpJTNFJTNDc3Ryb25nJTNFVmFsb3Jpc2VyJTIwbCVFMiU4MCU5OSVDMyVBOWNvbm9taWUlMjBsb2NhbGUlMjBldCUyMGxlcyUyMGNpcmN1aXRzJTIwY291cnRzLiUzQyUyRnN0cm9uZyUzRSUzQyUyRmxpJTNFJTBBJTIwJTIwJTIwJTIwJTIwJTIwJTNDJTJGdWwlM0UlMEElMEElMjAlMjAlMjAlMjAlMjAlMjAlM0NoNSUzRU9ERCUyMDEyJTIwJTNBJTIwQ29uc29tbWF0aW9uJTIwZXQlMjBwcm9kdWN0aW9uJTIwcmVzcG9uc2FibGVzJTIwJTI4eiVDMyVBOXJvJTIwcGxhc3RpcXVlJTJDJTIwdHJpJTJDJTIwZm91cm5pc3NldXJzJTIwbG9jYXV4JTI5LiUzQyUyRmg1JTNFJTBBJTIwJTIwJTIwJTIwJTIwJTIwJTNDaDUlM0VPREQlMjAxMyUyMCUzQSUyMEx1dHRlJTIwY29udHJlJTIwbGVzJTIwY2hhbmdlbWVudHMlMjBjbGltYXRpcXVlcyUyMCUyOG1vYmlsaXQlQzMlQTklMjBkb3VjZSUyQyUyMGVtcHJlaW50ZSUyMGNhcmJvbmUlMjBjYWxjdWwlQzMlQTllJTIwYXZlYyUyMENMRU8lMjkuJTNDJTJGaDUlM0UlMEElMjAlMjAlMjAlMjAlMjAlMjAlM0NoNSUzRU9ERCUyMDMlMjAlM0ElMjBCaWVuLSVDMyVBQXRyZSUyMGV0JTIwc2FudCVDMyVBOSUyMGF1JTIwdHJhdmFpbCUyMCUyOHBvbGl0aXF1ZSUyMGRlJTIwc3BvcnQlMkMlMjBwciVDMyVBOXZlbnRpb24lMkMlMjAlQzMlQTlxdWlsaWJyZSUyMHZpZSUyMHBybyUyRnBlcnNvJTI5LiUzQyUyRmg1JTNFJTBBJTIwJTIwJTIwJTIwJTIwJTIwJTNDaDUlM0VPREQlMjAxNyUyMCUzQSUyMFBhcnRlbmFyaWF0cyUyMHBvdXIlMjBsZXMlMjBvYmplY3RpZnMlMjAlMjhjb29wJUMzJUE5cmF0aW9uJTIwYXZlYyUyMGFzc29jaWF0aW9ucyUyMGxvY2FsZXMlMkMlMjByZWRpc3RyaWJ1dGlvbiUyMGRlcyUyMHN1cnBsdXMlMjkuJTNDJTJGaDUlM0UlMEElMjAlMjAlMjAlMjAlM0MlMkZzZWN0aW9uJTNFJTBBJTIwJTIwJTNDYnIlM0UlMEElMjAlMjAlMjAlMjAlM0NzZWN0aW9uJTIwY2xhc3MlM0QlMjJnb3Zlcm5hbmNlJTIyJTNFJTBBJTIwJTIwJTIwJTIwJTIwJTIwJTNDaDMlM0VFTkdBR0VNRU5UJTIwREUlMjBMQSUyMEdPVVZFUk5BTkNFJTNDJTJGaDMlM0UlMEElMjAlMjAlMjAlMjAlMjAlMjAlM0NwJTNFTGElMjBnb3V2ZXJuYW5jZSUyMGQlRTIlODAlOTlBT1MlMkMlMjBwb3J0JUMzJUE5ZSUyMHBhciUyMEFsYWluJTIwR2FyZ2FuaSUyQyUyME1hcmllJTIwVGVzc2FubmUlMjBldCUyMEFsZXh5JTIwR2FyZ2FuaSUyQyUyMHMlRTIlODAlOTllbmdhZ2UlMjAlQzMlQTAlMjAlM0ElM0MlMkZwJTNFJTBBJTIwJTIwJTIwJTIwJTIwJTIwJTNDdWwlM0UlMEElMjAlMjAlMjAlMjAlMjAlMjAlMjAlMjAlM0NsaSUzRVJlc3BlY3RlciUyMHNjcnVwdWxldXNlbWVudCUyMGxlcyUyMHIlQzMlQTlnbGVtZW50YXRpb25zJTIwZW4lMjB2aWd1ZXVyLiUzQyUyRmxpJTNFJTBBJTIwJTIwJTIwJTIwJTIwJTIwJTIwJTIwJTNDbGklM0VQb3Vyc3VpdnJlJTIwdW5lJTIwYW0lQzMlQTlsaW9yYXRpb24lMjBjb250aW51ZSUyMHBhciUyMGxhJTIwZm9ybWF0aW9uJTJDJTIwbGElMjBtZXN1cmUlMjBkJTI3aW1wYWN0JTIwZXQlMjBsZSUyMHJldG91ciUyMGQlMjdleHAlQzMlQTlyaWVuY2UuJTNDJTJGbGklM0UlMEElMjAlMjAlMjAlMjAlMjAlMjAlMjAlMjAlM0NsaSUzRUxhaXNzZXIlMjB1biUyMGglQzMlQTlyaXRhZ2UlMjBwb3NpdGlmJTIwJUMzJUEwJTIwdHJhdmVycyUyMGRlcyUyMCVDMyVBOXYlQzMlQTluZW1lbnRzJTIwZHVyYWJsZXMlMkMlMjBwb3J0ZXVycyUyMGRlJTIwc2VucyUyMGV0JTIwdXRpbGVzJTIwYXV4JTIwdGVycml0b2lyZXMuJTNDJTJGbGklM0UlMEElMjAlMjAlMjAlMjAlMjAlMjAlMjAlMjAlM0NsaSUzRUNldHRlJTIwcG9saXRpcXVlJTIwZXN0JTIwdml2YW50ZS4lMjBFbGxlJTIwJUMzJUE5dm9sdWUlMjBhdmVjJTIwbGVzJTIwZW5qZXV4JTIwZHUlMjBtb25kZSUyQyUyMGxlcyUyMGF0dGVudGVzJTIwZGUlMjBub3MlMjBwYXJ0aWVzJTIwcHJlbmFudGVzJTIwZXQlMjBub3RyZSUyMHZvbG9udCVDMyVBOSUyMHNpbmMlQzMlQThyZSUyMGQlRTIlODAlOTklQzMlQUF0cmUlMjB1biUyMGFjdGV1ciUyMGRlJTIwciVDMyVBOWYlQzMlQTlyZW5jZSUyMGRhbnMlMjBsJUUyJTgwJTk5JUMzJUE5diVDMyVBOW5lbWVudGllbCUyMHJlc3BvbnNhYmxlLiUzQyUyRmxpJTNFJTBBJTIwJTIwJTIwJTIwJTIwJTIwJTNDJTJGdWwlM0UlMEElMjAlMjAlMjAlMjAlM0MlMkZzZWN0aW9uJTNFJTBBJTIwJTIwJTNDYnIlM0UlMEElMjAlMjAlMjAlMjAlM0Nmb290ZXIlM0UlMEElMjAlMjAlMjAlMjAlMjAlMjAlM0NwJTNFU2lnbmF0dXJlcyUyMCUzQSUzQyUyRnAlM0UlMEElMjAlMjAlMjAlMjAlMjAlMjAlM0NkaXYlMjBjbGFzcyUzRCUyMnNpZ25hdHVyZXMlMjIlM0UlMEElMjAlMjAlMjAlMjAlMjAlMjAlMjAlMjAlM0NkaXYlM0UlMEElMjAlMjAlM0NpbWclMjBzcmMlM0QlMjJodHRwcyUzQSUyRiUyRnd3dy5hdG91dC1vcmcuY29tJTJGYW9zMjAxOCUyRndwLWNvbnRlbnQlMkZ1cGxvYWRzJTJGMjAyNSUyRjA1JTJGV2hhdHNBcHAtSW1hZ2UtMjAyNS0wNS0xMi1hdC0xNi4xOS4xOS5qcGVnJTIyJTIwYWx0JTNEJTIyQWxhaW4lMjBHYXJnYW5pJTIyJTNFJTBBJTBBJTIwJTIwJTIwJTIwJTIwJTIwJTIwJTIwJTIwJTIwJTNDaHIlMjAlMkYlM0UlMEElMjAlMjAlMjAlMjAlMjAlMjAlMjAlMjAlM0MlMkZkaXYlM0UlMEElMjAlMjAlMjAlMjAlMjAlMjAlMjAlMjAlM0NkaXYlM0UlMEElMjAlMjAlM0NpbWclMjBzcmMlM0QlMjJodHRwcyUzQSUyRiUyRnd3dy5hdG91dC1vcmcuY29tJTJGYW9zMjAxOCUyRndwLWNvbnRlbnQlMkZ1cGxvYWRzJTJGMjAyNSUyRjA1JTJGRGVzaWduLXNhbnMtdGl0cmUyLnBuZyUyMiUyMGFsdCUzRCUyMk1hcmllJTIwVGVzc2FubmUlMjIlM0UlMEElMjAlMjAlMjAlMjAlMjAlMjAlMjAlMjAlMjAlMjAlM0NociUyMCUyRiUzRSUwQSUyMCUyMCUyMCUyMCUyMCUyMCUyMCUyMCUzQyUyRmRpdiUzRSUwQSUyMCUyMCUyMCUyMCUyMCUyMCUyMCUyMCUzQ2RpdiUzRSUwQSUyMCUyMCUzQ2ltZyUyMHNyYyUzRCUyMmh0dHBzJTNBJTJGJTJGd3d3LmF0b3V0LW9yZy5jb20lMkZhb3MyMDE4JTJGd3AtY29udGVudCUyRnVwbG9hZHMlMkYyMDI1JTJGMDUlMkZEZXNpZ24tc2Fucy10aXRyZTEucG5nJTIyJTIwYWx0JTNEJTIyQWxleHklMjBHYXJnYW5pJTIyJTNFJTBBJTIwJTIwJTIwJTIwJTIwJTIwJTIwJTIwJTIwJTIwJTNDaHIlMjAlMkYlM0UlMEElMjAlMjAlMjAlMjAlMjAlMjAlMjAlMjAlM0MlMkZkaXYlM0UlMEElMjAlMjAlMjAlMjAlMjAlMjAlM0MlMkZkaXYlM0UlMEElMjAlMjAlMjAlMjAlM0MlMkZmb290ZXIlM0UlMEElMjAlMjAlM0MlMkZkaXYlM0UlMEE=[\/vc_raw_html]<\/div><\/div><\/div><\/div><\/div><\/section>\n","protected":false},"excerpt":{"rendered":"Chez AOS, nous croyons qu\u2019un \u00e9v\u00e9nement r\u00e9ussi est aussi un \u00e9v\u00e9nement responsable. Notre d\u00e9marche RSE s\u2019articule autour de quatre piliers forts pour l\u2019environnement, l\u2019humain et le territoire. [vc_raw_html]JTNDZGl2JTIwY2xhc3MlM0QlMjJwb2xpdGlxdWUtcnNlLWNvbnRhaW5lciUyMiUzRSUwQSUyMCUzQ2gxJTNFUE9MSVRJUVVFJTIwUlNFJTIwRU4lMjBDT1VSUyUyMERFJTIwTEFCRUxMSVNBVElPTiUyME5PUk1FJTIwSVNPJTIwMjAlMjAxMjElM0MlMkZoMSUzRSUwQSUyMCUyMCUyMCUyMCUzQ2gyJTNFUkVTUE9OU0FCSUxJVCVDMyU4OSUyMFNPQ0klQzMlODlUQUxFJTIwREVTJTIwRU5UUkVQUklTRVMlM0MlMkZoMiUzRSUwQSUyMCUyMCUyMCUyMCUzQ3AlM0VDciVDMyVBOSVDMyVBOSUyMGVuJTIwMTk5NiUyQyUyMEFPUyUyMGNvbiVDMyVBN29pdCUyMGRlcyUyMCVDMyVBOXYlQzMlQTluZW1lbnRzJTIwcXVpJTIwYWxsaWVudCUyMHBlcmZvcm1hbmNlJTJDJTIwZHVyYWJpbGl0JUMzJUE5JTIwZXQlMjAlQzMlQTl0aGlxdWUuJTIwTm90cmUlMjBtaXNzaW9uJTIwZXN0JTIwZGUlMjBjciVDMyVBOWVyJTIwZGVzJTIwcmFzc2VtYmxlbWVudHMlMjBwcm9mZXNzaW9ubmVscyUyMCUyOGNvbmdyJUMzJUE4cyUyQyUyMHMlQzMlQTltaW5haXJlcyUyQyUyMHNhbG9ucyUyQyUyMGV0Yy4lMjklMjAlQzMlQTAlMjBmb3J0JTIwaW1wYWN0JTIwcG9zaXRpZiUyMHN1ciUyMHRvdXQlMjBsZSUyMHRlcnJpdG9pcmUlMjBuYXRpb25hbCUyQyUyMGVuJTIwciVDMyVBOWR1aXNhbnQlMjBsZXVyJTIwZW1wcmVpbnRlJTIwZW52aXJvbm5lbWVudGFsZSUyMGV0JTIwZW4lMjBmYXZvcmlzYW50JTIwbCVFMiU4MCU5OWluY2x1c2lvbiUyMHNvY2lhbGUlMkMlMjBsJUUyJTgwJTk5aW5ub3ZhdGlvbiUyMGV0JTIwbCVFMiU4MCU5OWludCVDMyVBOWdyaXQlQzMlQTkuJTNDJTJGcCUzRSUwQSUyMCUyMCUzQ2hyJTNFJTBBJTBBJTIwJTIwJTIwJTIwJTNDc2VjdGlvbiUyMGNsYXNzJTNEJTIydmFsdWVzJTIyJTNFJTBBJTIwJTIwJTIwJTIwJTIwJTIwJTNDaDMlM0VOT1MlMjBWQUxFVVJTJTIwRk9OREFNRU5UQUxFUyUzQyUyRmgzJTNFJTBBJTIwJTIwJTIwJTIwJTIwJTIwJTNDdWwlM0UlMEElMjAlMjAlMjAlMjAlMjAlMjAlMjAlMjAlM0NsaSUzRSUzQ3N0cm9uZyUzRVJlc3BvbnNhYmlsaXQlQzMlQTklMjAlM0ElM0MlMkZzdHJvbmclM0UlMjBOb3VzJTIwYXNzdW1vbnMlMjBsJTI3aW1wYWN0JTIwZGUlMjBub3RyZSUyMGFjdGl2aXQlQzMlQTklMjBzdXIlMjBsJTI3ZW52aXJvbm5lbWVudCUyMGV0JTIwbGElMjBzb2NpJUMzJUE5dCVDMyVBOS4lM0MlMkZsaSUzRSUwQSUyMCUyMCUyMCUyMCUyMCUyMCUyMCUyMCUzQ2xpJTNFJTNDc3Ryb25nJTNFSW5ub3ZhdGlvbiUyMGV0JTIwQ3IlQzMlQTlhdGl2aXQlQzMlQTklMjAlM0ElM0MlMkZzdHJvbmclM0UlMjBOb3VzJTIwYWRhcHRvbnMlMjBub3MlMjBwcmF0aXF1ZXMlMjBwb3VyJTIwciVDMyVBOXBvbmRyZSUyMGF1eCUyMGVuamV1eCUyMGNvbnRlbXBvcmFpbnMuJTNDJTJGbGklM0UlMEElMjAlMjAlMjAlMjAlMjAlMjAlMjAlMjAlM0NsaSUzRSUzQ3N0cm9uZyUzRSVDMyU4OXRoaXF1ZSUyMCUzQSUzQyUyRnN0cm9uZyUzRSUyME5vdXMlMjBhc3N1cm9ucyUyMHRyYW5zcGFyZW5jZSUyMGV0JTIwaW50JUMzJUE5Z3JpdCVDMyVBOSUyMGRhbnMlMjB0b3V0ZXMlMjBub3MlMjByZWxhdGlvbnMuJTNDJTJGbGklM0UlMEElMjAlMjAlMjAlMjAlMjAlMjAlMjAlMjAlM0NsaSUzRSUzQ3N0cm9uZyUzRUVuZ2FnZW1lbnQlMjBjb2xsZWN0aWYlMjAlM0ElM0MlMkZzdHJvbmclM0UlMjBDaGFxdWUlMjBjb2xsYWJvcmF0ZXVyJTIwZXN0JTIwYWN0ZXVyJTIwZHUlMjBjaGFuZ2VtZW50LiUzQyUyRmxpJTNFJTBBJTIwJTIwJTIwJTIwJTIwJTIwJTIwJTIwJTNDbGklM0UlM0NzdHJvbmclM0VDb25maWFuY2UlMjBldCUyMGJpZW52ZWlsbGFuY2UlMjAlM0ElM0MlMkZzdHJvbmclM0UlMjBOb3VzJTIwZmF2b3Jpc29ucyUyMHVuJTIwY2xpbWF0JTIwZGUlMjB0cmF2YWlsJTIwcmVzcGVjdHVldXglMjBldCUyMHNvbGlkYWlyZS4lM0MlMkZsaSUzRSUwQSUyMCUyMCUyMCUyMCUyMCUyMCUyMCUyMCUzQ2xpJTNFJTNDc3Ryb25nJTNFUmVzcGVjdCUyMGV0JTIwcGFydGFnZSUyMCUzQSUzQyUyRnN0cm9uZyUzRSUyME5vdXMlMjB2YWxvcmlzb25zJTIwbGElMjBkaXZlcnNpdCVDMyVBOSUyMGV0JTIwbGUlMjB0cmF2YWlsJTIwY29sbGFib3JhdGlmLiUzQyUyRmxpJTNFJTBBJTIwJTIwJTIwJTIwJTIwJTIwJTNDJTJGdWwlM0UlMEElMjAlMjAlMjAlMjAlM0MlMkZzZWN0aW9uJTNFJTBBJTBBJTIwJTIwJTNDYnIlM0UlMEElMEElMjAlMjAlMjAlMjAlM0NzZWN0aW9uJTIwY2xhc3MlM0QlMjJwcmluY2lwbGVzJTIyJTNFJTBBJTIwJTIwJTIwJTIwJTIwJTIwJTNDaDMlM0VOT1MlMjBQUklOQ0lQRVMlMjBERSUyMEQlQzMlODlWRUxPUFBFTUVOVCUyMERVUkFCTEUlM0MlMkZoMyUzRSUwQSUyMCUyMCUyMCUyMCUyMCUyMCUzQ3VsJTNFJTBBJTIwJTIwJTIwJTIwJTIwJTIwJTIwJTIwJTNDbGklM0UlM0NzdHJvbmclM0VJbmNsdXNpb24lMjAlM0ElM0MlMkZzdHJvbmclM0UlMjBBY2Nlc3NpYmlsaXQlQzMlQTklMjB1bml2ZXJzZWxsZSUyMHN1ciUyMG5vcyUyMCVDMyVBOXYlQzMlQTluZW1lbnRzJTIwZXQlMjBkaXZlcnNpdCVDMyVBOSUyMGF1JTIwc2VpbiUyMGRlJTIwbm9zJTIwJUMzJUE5cXVpcGVzLiUzQyUyRmxpJTNFJTBBJTIwJTIwJTIwJTIwJTIwJTIwJTIwJTIwJTNDbGklM0UlM0NzdHJvbmclM0VWaWdpbGFuY2UlMjAlM0ElM0MlMkZzdHJvbmclM0UlMjBBdWRpdCUyMGRlcyUyMHByYXRpcXVlcyUyQyUyMHByJUMzJUE5dmVudGlvbiUyMGRlcyUyMHJpc3F1ZXMlMkMlMjBjaG9peCUyMHJpZ291cmV1eCUyMGRlJTIwcGFydGVuYWlyZXMlMjByZXNwb25zYWJsZXMuJTNDJTJGbGklM0UlMEElMjAlMjAlMjAlMjAlMjAlMjAlMjAlMjAlM0NsaSUzRSUzQ3N0cm9uZyUzRVRyYW5zcGFyZW5jZSUyMCUzQSUzQyUyRnN0cm9uZyUzRSUyMENvbW11bmljYXRpb24lMjBjbGFpcmUlMjBzdXIlMjBub3MlMjBlbmdhZ2VtZW50cyUyQyUyMHRyYSVDMyVBN2FiaWxpdCVDMyVBOSUyMGRlJTIwbm9zJTIwYWN0aW9ucy4lM0MlMkZsaSUzRSUwQSUyMCUyMCUyMCUyMCUyMCUyMCUyMCUyMCUzQ2xpJTNFJTNDc3Ryb25nJTNFSW50JUMzJUE5Z3JpdCVDMyVBOSUyMCUzQSUzQyUyRnN0cm9uZyUzRSUyMEx1dHRlJTIwY29udHJlJTIwbGElMjBjb3JydXB0aW9uJTJDJTIwcmVzcGVjdCUyMGR1JTIwUkdQRCUyMGV0JTIwY2xhdXNlcyUyMCVDMyVBOXRoaXF1ZXMlMjBkYW5zJTIwdG91cyUyMGxlcyUyMGNvbnRyYXRzLiUzQyUyRmxpJTNFJTBBJTIwJTIwJTIwJTIwJTIwJTIwJTNDJTJGdWwlM0UlMEElMjAlMjAlMjAlMjAlM0MlMkZzZWN0aW9uJTNFJTBBJTIwJTIwJTNDYnIlM0UlMEElMjAlMjAlMjAlMjAlM0NzZWN0aW9uJTIwY2xhc3MlM0QlMjJwcmlvcml0aWVzJTIyJTNFJTBBJTIwJTIwJTIwJTIwJTIwJTIwJTNDaDMlM0VOT1MlMjBFTkpFVVglMjBQUklPUklUQUlSRVMlMjBMSSVDMyU4OVMlMjBBVVglMjBPREQlM0MlMkZoMyUzRSUwQSUyMCUyMCUyMCUyMCUyMCUyMCUzQ3VsJTNFJTBBJTIwJTIwJTIwJTIwJTIwJTIwJTIwJTIwJTNDbGklM0UlM0NzdHJvbmclM0UlQzMlODljb3V0ZXIlMjBldCUyMGRpYWxvZ3VlciUyMGF2ZWMlMjBsZXMlMjBwYXJ0aWVzJTIwcHJlbmFudGVzLiUzQyUyRnN0cm9uZyUzRSUzQyUyRmxpJTNFJTBBJTIwJTIwJTIwJTIwJTIwJTIwJTIwJTIwJTNDbGklM0UlM0NzdHJvbmclM0VQciVDMyVBOXNlcnZlciUyMGxhJTIwc2FudCVDMyVBOSUyMGV0JTIwbGUlMjBiaWVuJTIwJUMzJUFBdHJlJTIwZGVzJTIwcGFydGllcyUyMGludCVDMyVBOXJlc3MlQzMlQTllcyUyMGV0JTIwYXNzdXJlciUyMGxhJTIwcyVDMyVBOWN1cml0JUMzJUE5JTIwZGUlMjBjZXMlMjBkZXJuaSVDMyVBOHJlcy4lM0MlMkZzdHJvbmclM0UlM0MlMkZsaSUzRSUwQSUyMCUyMCUyMCUyMCUyMCUyMCUyMCUyMCUzQ2xpJTNFJTNDc3Ryb25nJTNFRyVDMyVBOXJlciUyMG5vcyUyMGQlQzMlQTljaGV0cyUyMGV0JTIwb3B0aW1pc2VyJTIwbm9zJTIwcmVzc291cmNlcy4lM0MlMkZzdHJvbmclM0UlM0MlMkZsaSUzRSUwQSUyMCUyMCUyMCUyMCUyMCUyMCUyMCUyMCUzQ2xpJTNFJTNDc3Ryb25nJTNFVmFsb3Jpc2VyJTIwbCVFMiU4MCU5OSVDMyVBOWNvbm9taWUlMjBsb2NhbGUlMjBldCUyMGxlcyUyMGNpcmN1aXRzJTIwY291cnRzLiUzQyUyRnN0cm9uZyUzRSUzQyUyRmxpJTNFJTBBJTIwJTIwJTIwJTIwJTIwJTIwJTNDJTJGdWwlM0UlMEElMEElMjAlMjAlMjAlMjAlMjAlMjAlM0NoNSUzRU9ERCUyMDEyJTIwJTNBJTIwQ29uc29tbWF0aW9uJTIwZXQlMjBwcm9kdWN0aW9uJTIwcmVzcG9uc2FibGVzJTIwJTI4eiVDMyVBOXJvJTIwcGxhc3RpcXVlJTJDJTIwdHJpJTJDJTIwZm91cm5pc3NldXJzJTIwbG9jYXV4JTI5LiUzQyUyRmg1JTNFJTBBJTIwJTIwJTIwJTIwJTIwJTIwJTNDaDUlM0VPREQlMjAxMyUyMCUzQSUyMEx1dHRlJTIwY29udHJlJTIwbGVzJTIwY2hhbmdlbWVudHMlMjBjbGltYXRpcXVlcyUyMCUyOG1vYmlsaXQlQzMlQTklMjBkb3VjZSUyQyUyMGVtcHJlaW50ZSUyMGNhcmJvbmUlMjBjYWxjdWwlQzMlQTllJTIwYXZlYyUyMENMRU8lMjkuJTNDJTJGaDUlM0UlMEElMjAlMjAlMjAlMjAlMjAlMjAlM0NoNSUzRU9ERCUyMDMlMjAlM0ElMjBCaWVuLSVDMyVBQXRyZSUyMGV0JTIwc2FudCVDMyVBOSUyMGF1JTIwdHJhdmFpbCUyMCUyOHBvbGl0aXF1ZSUyMGRlJTIwc3BvcnQlMkMlMjBwciVDMyVBOXZlbnRpb24lMkMlMjAlQzMlQTlxdWlsaWJyZSUyMHZpZSUyMHBybyUyRnBlcnNvJTI5LiUzQyUyRmg1JTNFJTBBJTIwJTIwJTIwJTIwJTIwJTIwJTNDaDUlM0VPREQlMjAxNyUyMCUzQSUyMFBhcnRlbmFyaWF0cyUyMHBvdXIlMjBsZXMlMjBvYmplY3RpZnMlMjAlMjhjb29wJUMzJUE5cmF0aW9uJTIwYXZlYyUyMGFzc29jaWF0aW9ucyUyMGxvY2FsZXMlMkMlMjByZWRpc3RyaWJ1dGlvbiUyMGRlcyUyMHN1cnBsdXMlMjkuJTNDJTJGaDUlM0UlMEElMjAlMjAlMjAlMjAlM0MlMkZzZWN0aW9uJTNFJTBBJTIwJTIwJTNDYnIlM0UlMEElMjAlMjAlMjAlMjAlM0NzZWN0aW9uJTIwY2xhc3MlM0QlMjJnb3Zlcm5hbmNlJTIyJTNFJTBBJTIwJTIwJTIwJTIwJTIwJTIwJTNDaDMlM0VFTkdBR0VNRU5UJTIwREUlMjBMQSUyMEdPVVZFUk5BTkNFJTNDJTJGaDMlM0UlMEElMjAlMjAlMjAlMjAlMjAlMjAlM0NwJTNFTGElMjBnb3V2ZXJuYW5jZSUyMGQlRTIlODAlOTlBT1MlMkMlMjBwb3J0JUMzJUE5ZSUyMHBhciUyMEFsYWluJTIwR2FyZ2FuaSUyQyUyME1hcmllJTIwVGVzc2FubmUlMjBldCUyMEFsZXh5JTIwR2FyZ2FuaSUyQyUyMHMlRTIlODAlOTllbmdhZ2UlMjAlQzMlQTAlMjAlM0ElM0MlMkZwJTNFJTBBJTIwJTIwJTIwJTIwJTIwJTIwJTNDdWwlM0UlMEElMjAlMjAlMjAlMjAlMjAlMjAlMjAlMjAlM0NsaSUzRVJlc3BlY3RlciUyMHNjcnVwdWxldXNlbWVudCUyMGxlcyUyMHIlQzMlQTlnbGVtZW50YXRpb25zJTIwZW4lMjB2aWd1ZXVyLiUzQyUyRmxpJTNFJTBBJTIwJTIwJTIwJTIwJTIwJTIwJTIwJTIwJTNDbGklM0VQb3Vyc3VpdnJlJTIwdW5lJTIwYW0lQzMlQTlsaW9yYXRpb24lMjBjb250aW51ZSUyMHBhciUyMGxhJTIwZm9ybWF0aW9uJTJDJTIwbGElMjBtZXN1cmUlMjBkJTI3aW1wYWN0JTIwZXQlMjBsZSUyMHJldG91ciUyMGQlMjdleHAlQzMlQTlyaWVuY2UuJTNDJTJGbGklM0UlMEElMjAlMjAlMjAlMjAlMjAlMjAlMjAlMjAlM0NsaSUzRUxhaXNzZXIlMjB1biUyMGglQzMlQTlyaXRhZ2UlMjBwb3NpdGlmJTIwJUMzJUEwJTIwdHJhdmVycyUyMGRlcyUyMCVDMyVBOXYlQzMlQTluZW1lbnRzJTIwZHVyYWJsZXMlMkMlMjBwb3J0ZXVycyUyMGRlJTIwc2VucyUyMGV0JTIwdXRpbGVzJTIwYXV4JTIwdGVycml0b2lyZXMuJTNDJTJGbGklM0UlMEElMjAlMjAlMjAlMjAlMjAlMjAlMjAlMjAlM0NsaSUzRUNldHRlJTIwcG9saXRpcXVlJTIwZXN0JTIwdml2YW50ZS4lMjBFbGxlJTIwJUMzJUE5dm9sdWUlMjBhdmVjJTIwbGVzJTIwZW5qZXV4JTIwZHUlMjBtb25kZSUyQyUyMGxlcyUyMGF0dGVudGVzJTIwZGUlMjBub3MlMjBwYXJ0aWVzJTIwcHJlbmFudGVzJTIwZXQlMjBub3RyZSUyMHZvbG9udCVDMyVBOSUyMHNpbmMlQzMlQThyZSUyMGQlRTIlODAlOTklQzMlQUF0cmUlMjB1biUyMGFjdGV1ciUyMGRlJTIwciVDMyVBOWYlQzMlQTlyZW5jZSUyMGRhbnMlMjBsJUUyJTgwJTk5JUMzJUE5diVDMyVBOW5lbWVudGllbCUyMHJlc3BvbnNhYmxlLiUzQyUyRmxpJTNFJTBBJTIwJTIwJTIwJTIwJTIwJTIwJTNDJTJGdWwlM0UlMEElMjAlMjAlMjAlMjAlM0MlMkZzZWN0aW9uJTNFJTBBJTIwJTIwJTNDYnIlM0UlMEElMjAlMjAlMjAlMjAlM0Nmb290ZXIlM0UlMEElMjAlMjAlMjAlMjAlMjAlMjAlM0NwJTNFU2lnbmF0dXJlcyUyMCUzQSUzQyUyRnAlM0UlMEElMjAlMjAlMjAlMjAlMjAlMjAlM0NkaXYlMjBjbGFzcyUzRCUyMnNpZ25hdHVyZXMlMjIlM0UlMEElMjAlMjAlMjAlMjAlMjAlMjAlMjAlMjAlM0NkaXYlM0UlMEElMjAlMjAlM0NpbWclMjBzcmMlM0QlMjJodHRwcyUzQSUyRiUyRnd3dy5hdG91dC1vcmcuY29tJTJGYW9zMjAxOCUyRndwLWNvbnRlbnQlMkZ1cGxvYWRzJTJGMjAyNSUyRjA1JTJGV2hhdHNBcHAtSW1hZ2UtMjAyNS0wNS0xMi1hdC0xNi4xOS4xOS5qcGVnJTIyJTIwYWx0JTNEJTIyQWxhaW4lMjBHYXJnYW5pJTIyJTNFJTBBJTBBJTIwJTIwJTIwJTIwJTIwJTIwJTIwJTIwJTIwJTIwJTNDaHIlMjAlMkYlM0UlMEElMjAlMjAlMjAlMjAlMjAlMjAlMjAlMjAlM0MlMkZkaXYlM0UlMEElMjAlMjAlMjAlMjAlMjAlMjAlMjAlMjAlM0NkaXYlM0UlMEElMjAlMjAlM0NpbWclMjBzcmMlM0QlMjJodHRwcyUzQSUyRiUyRnd3dy5hdG91dC1vcmcuY29tJTJGYW9zMjAxOCUyRndwLWNvbnRlbnQlMkZ1cGxvYWRzJTJGMjAyNSUyRjA1JTJGRGVzaWduLXNhbnMtdGl0cmUyLnBuZyUyMiUyMGFsdCUzRCUyMk1hcmllJTIwVGVzc2FubmUlMjIlM0UlMEElMjAlMjAlMjAlMjAlMjAlMjAlMjAlMjAlMjAlMjAlM0NociUyMCUyRiUzRSUwQSUyMCUyMCUyMCUyMCUyMCUyMCUyMCUyMCUzQyUyRmRpdiUzRSUwQSUyMCUyMCUyMCUyMCUyMCUyMCUyMCUyMCUzQ2RpdiUzRSUwQSUyMCUyMCUzQ2ltZyUyMHNyYyUzRCUyMmh0dHBzJTNBJTJGJTJGd3d3LmF0b3V0LW9yZy5jb20lMkZhb3MyMDE4JTJGd3AtY29udGVudCUyRnVwbG9hZHMlMkYyMDI1JTJGMDUlMkZEZXNpZ24tc2Fucy10aXRyZTEucG5nJTIyJTIwYWx0JTNEJTIyQWxleHklMjBHYXJnYW5pJTIyJTNFJTBBJTIwJTIwJTIwJTIwJTIwJTIwJTIwJTIwJTIwJTIwJTNDaHIlMjAlMkYlM0UlMEElMjAlMjAlMjAlMjAlMjAlMjAlMjAlMjAlM0MlMkZkaXYlM0UlMEElMjAlMjAlMjAlMjAlMjAlMjAlM0MlMkZkaXYlM0UlMEElMjAlMjAlMjAlMjAlM0MlMkZmb290ZXIlM0UlMEElMjAlMjAlM0MlMkZkaXYlM0UlMEE=[\/vc_raw_html]","protected":false},"author":1,"featured_media":0,"parent":0,"menu_order":0,"comment_status":"closed","ping_status":"closed","template":"","meta":{"om_disable_all_campaigns":false,"_monsterinsights_skip_tracking":false,"_monsterinsights_sitenote_active":false,"_monsterinsights_sitenote_note":"","_monsterinsights_sitenote_category":0},"aioseo_notices":[],"_links":{"self":[{"href":"https:\/\/www.atout-org.com\/index.php\/wp-json\/wp\/v2\/pages\/7917"}],"collection":[{"href":"https:\/\/www.atout-org.com\/index.php\/wp-json\/wp\/v2\/pages"}],"about":[{"href":"https:\/\/www.atout-org.com\/index.php\/wp-json\/wp\/v2\/types\/page"}],"author":[{"embeddable":true,"href":"https:\/\/www.atout-org.com\/index.php\/wp-json\/wp\/v2\/users\/1"}],"replies":[{"embeddable":true,"href":"https:\/\/www.atout-org.com\/index.php\/wp-json\/wp\/v2\/comments?post=7917"}],"version-history":[{"count":22,"href":"https:\/\/www.atout-org.com\/index.php\/wp-json\/wp\/v2\/pages\/7917\/revisions"}],"predecessor-version":[{"id":7964,"href":"https:\/\/www.atout-org.com\/index.php\/wp-json\/wp\/v2\/pages\/7917\/revisions\/7964"}],"wp:attachment":[{"href":"https:\/\/www.atout-org.com\/index.php\/wp-json\/wp\/v2\/media?parent=7917"}],"curies":[{"name":"wp","href":"https:\/\/api.w.org\/{rel}","templated":true}]}}